{"id":1998,"date":"2021-04-11T23:34:55","date_gmt":"2021-04-11T21:34:55","guid":{"rendered":"https:\/\/www.carolesthetique-aix.fr\/?page_id=1998"},"modified":"2025-01-06T21:35:44","modified_gmt":"2025-01-06T20:35:44","slug":"evenements-girly-parties","status":"publish","type":"page","link":"https:\/\/www.carolesthetique-aix.fr\/index.php\/evenements-girly-parties\/","title":{"rendered":"\u00c9v\u00e8nements &amp; Girly Parties \u00e0 domicile Aix en Provence"},"content":{"rendered":"\n<p><em>Vous souhaitez vous r\u00e9unir pour une occasion particuli\u00e8re ? Un enterrement de vie de jeune fille ? Un anniversaire ou une soir\u00e9e entres filles ? Un apr\u00e8s midi m\u00e8re \/ filles ? Faites appel \u00e0 Carol&rsquo;Esth\u00e9tique, votre esth\u00e9ticienne \u00e0 domicile sp\u00e9cialis\u00e9e dans les \u00e9v\u00e8nements Beaut\u00e9s ! Vous trouverez ci-dessous quelques exemples de formules possibles, ou bien vous pouvez me contacter pour toute demande personnalis\u00e9e.<br>D\u00e9tente, bonne humeur, et surprises vous attendent !<\/em><\/p>\n\n\n<div class=\"wp-block-image\">\n<figure class=\"aligncenter size-large is-resized\"><img loading=\"lazy\" decoding=\"async\" width=\"590\" height=\"393\" src=\"https:\/\/www.carolesthetique-aix.fr\/wp-content\/uploads\/2017\/10\/5-conseils-anniversaire-reussie-ado-4-size-3.jpg\" alt=\"Les Girly Parties - Carol'Esth\u00e9tique\" class=\"wp-image-1194\" style=\"width:400px;height:267px\" srcset=\"https:\/\/www.carolesthetique-aix.fr\/wp-content\/uploads\/2017\/10\/5-conseils-anniversaire-reussie-ado-4-size-3.jpg 590w, https:\/\/www.carolesthetique-aix.fr\/wp-content\/uploads\/2017\/10\/5-conseils-anniversaire-reussie-ado-4-size-3-300x200.jpg 300w\" sizes=\"auto, (max-width: 590px) 100vw, 590px\" \/><\/figure>\n<\/div>\n\n\n<h2 class=\"wp-block-heading\"><strong><span style=\"color:#f69581\" class=\"has-inline-color\">Les \u00ab\u00a0Beauty Parties\u00a0\u00bb<\/span><\/strong><\/h2>\n\n\n\n<p><strong><em>Les Ateliers &lsquo;Girly&rsquo; :<\/em><\/strong><\/p>\n\n\n\n<p>&lsquo;Beauty Nails Parties&rsquo;<strong> 30 \u20ac<\/strong>\/personne<br>Pose de vernis simple et une mini manucure<br>ou<br>Pose de vernis semi permanent ou une manucure<\/p>\n\n\n\n<p>&lsquo;Make Up Parties&rsquo; <strong>40 \u20ac<\/strong>\/personne<br>Cours d&rsquo;auto maquillage<br>Maquillage de votre choix pour chacune<\/p>\n\n\n\n<p>&lsquo;Beauty Care Parties&rsquo; <strong>55 \u20ac<\/strong>\/personne<br>Soin du visage &lsquo;coup d&rsquo;\u00e9clat&rsquo;<br>Beaut\u00e9 des mains ou des pieds<\/p>\n\n\n\n<p>Carol&rsquo;Esth\u00e9tique vous propose \u00e9galement un forfait &lsquo;sp\u00e9cial maquillage&rsquo; enterrement de vie de jeunes filles, apr\u00e8s-midi entres copines :<br>&#8211;<strong> 190 \u20ac<\/strong> pour 6 personnes<br>&#8211;<strong> 260 \u20ac<\/strong> pour 8 personnes<\/p>\n\n\n\n<h2 class=\"wp-block-heading\"><strong><span style=\"color:#f69581\" class=\"has-inline-color\">Les \u00ab\u00a0Princess Parties\u00a0\u00bb &nbsp;<\/span><\/strong><\/h2>\n\n\n\n<p><em><strong>Les Ateliers &lsquo;Princess Parties&rsquo; (\u00e0 partir de 8 ans) :<\/strong><\/em><\/p>\n\n\n\n<p><strong>Dur\u00e9e des ateliers : entre 2h30 et 4h30 environ selon la formule choisie.<\/strong><br>Possibilit\u00e9 de d\u00e9duire g\u00e2teau, bonbons et boissons des forfaits selon les pr\u00e9f\u00e9rences de chacun (6 \u20ac\/enfant).<\/p>\n\n\n\n<p>&lsquo;Ta Girly Party &lsquo;<br>Mini soin visage aux concombres ou un maquillage girly ou une pose de vernis simple au choix<br>G\u00e2teau, bonbons et boissons fournis par votre esth\u00e9ticienne \u00e0 domicile (selon les go\u00fbts et pr\u00e9f\u00e9rences de l&rsquo;enfant\/l&rsquo;ado)<br>Photos souvenirs avec les accessoires Girly<br><strong>150 \u20ac<\/strong> jusqu&rsquo;\u00e0 5 enfants. <strong>20 \u20ac<\/strong>\/enfant suppl\u00e9mentaire<\/p>\n\n\n\n<p>&lsquo;Ta Super Girly Party&rsquo;<br>Mini soin visage aux concombres<br>Pose de vernis simple ou un maquillage girly au choix<br>Mini manucure<br>Atelier ongles ou maquillage au choix (pour apprendre \u00e0 se maquiller ou \u00e0 r\u00e9aliser de jolies poses de vernis)<br>G\u00e2teau, bonbons et boissons fournis par votre esth\u00e9ticienne \u00e0 domicile (selon les go\u00fbts et pr\u00e9f\u00e9rences de l&rsquo;enfant\/l&rsquo;ado)<br>Photos souvenirs avec les accessoires Girly<br><strong>229 \u20ac<\/strong> jusqu&rsquo;\u00e0 5 enfants.<strong> 25 \u20ac<\/strong> \/enfant suppl\u00e9mentaire<\/p>\n\n\n\n<p>&lsquo;Ta Luxury Girly Party&rsquo;<br>Mini soin visage aux concombres<br>Pose de vernis simple<br>Mini manucure<br>Maquillage girly<br>Atelier ongles et maquillage (pour apprendre \u00e0 se maquiller et \u00e0 r\u00e9aliser de jolies poses de vernis)<br>G\u00e2teau, bonbons et boissons fournis par votre esth\u00e9ticienne \u00e0 domicile (selon les go\u00fbts et pr\u00e9f\u00e9rences de l&rsquo;enfant)<br>Photos souvenirs avec les accessoires Girly<br><strong>299 \u20ac<\/strong> jusqu&rsquo;\u00e0 5 enfants. <strong>25 \u20ac<\/strong> \/enfant suppl\u00e9mentaire<\/p>\n\n\n\n<h2 class=\"wp-block-heading\"><strong><span style=\"color:#f69581\" class=\"has-inline-color\">Les \u00ab\u00a0Baby Parties\u00a0\u00bb pour les plus petits&#8230;<\/span><\/strong><\/h2>\n\n\n<div class=\"wp-block-image\">\n<figure class=\"alignright\"><img loading=\"lazy\" decoding=\"async\" width=\"300\" height=\"200\" src=\"http:\/\/carolesthetique-aix.fr\/wp-content\/uploads\/2019\/02\/maquillages-enfants-esthetique-aix-estheticienne-a-domicile-300x200.jpg\" alt=\"maquillages-enfants-esthetique-aix-estheticienne-a-domicile\" class=\"wp-image-1803\" srcset=\"https:\/\/www.carolesthetique-aix.fr\/wp-content\/uploads\/2019\/02\/maquillages-enfants-esthetique-aix-estheticienne-a-domicile-300x200.jpg 300w, https:\/\/www.carolesthetique-aix.fr\/wp-content\/uploads\/2019\/02\/maquillages-enfants-esthetique-aix-estheticienne-a-domicile-768x512.jpg 768w, https:\/\/www.carolesthetique-aix.fr\/wp-content\/uploads\/2019\/02\/maquillages-enfants-esthetique-aix-estheticienne-a-domicile-1024x683.jpg 1024w, https:\/\/www.carolesthetique-aix.fr\/wp-content\/uploads\/2019\/02\/maquillages-enfants-esthetique-aix-estheticienne-a-domicile.jpg 1920w\" sizes=\"auto, (max-width: 300px) 100vw, 300px\" \/><\/figure>\n<\/div>\n\n\n<p><em><strong>A partir de 3 ans :<\/strong><\/em><\/p>\n\n\n\n<p>Maquillages \u00e0 l&rsquo;eau pour enfants ou maquillage flash<br>G\u00e2teau, bonbons et boissons fournis par votre esth\u00e9ticienne \u00e0 domicile (selon les gouts et pr\u00e9f\u00e9rences de l&rsquo;enfant)<br>Photos souvenirs<br><strong>130 \u20ac<\/strong> pour 5 enfants. <strong>15 \u20ac<\/strong> \/ enfant suppl\u00e9mentaire<\/p>\n\n\n\n<p>Carol&rsquo;Esth\u00e9tique propose \u00e9galement un forfait &lsquo;sp\u00e9cial maquillage enfants grandes occasions&rsquo; pour tout types d&rsquo;\u00e9v\u00e8nements : arbres de No\u00ebl, anniversaire, f\u00eates..) 2 h : <strong>150 \u20ac<\/strong><\/p>\n\n\n\n<h2 class=\"wp-block-heading\"><\/h2>\n\n\n\n<p>Forfait personnalis\u00e9 : enfin, vous pouvez vous inspirer des forfaits sur mesure pour vos \u00e9v\u00e8nements uniques &amp; Girly Parties ( <a href=\"https:\/\/www.carolesthetique-aix.fr\/index.php\/les-maquillages-mariages\/\">mariage<\/a>, bapt\u00eame, anniversaires, enterrement de vie de jeune fille, etc ) ou encore r\u00e9aliser par vous m\u00eame votre forfait : pour plus de renseignements ou pour un devis, <a href=\"https:\/\/www.carolesthetique-aix.fr\/index.php\/contact\/\">contactez<\/a> Carol&rsquo;Esth\u00e9tique.<\/p>\n","protected":false},"excerpt":{"rendered":"<p>Vous souhaitez vous r\u00e9unir pour une occasion particuli\u00e8re ? Un enterrement de vie de jeune fille ? Un anniversaire ou une soir\u00e9e entres filles ? Un apr\u00e8s midi m\u00e8re \/ filles ? Faites appel \u00e0 Carol&rsquo;Esth\u00e9tique, votre esth\u00e9ticienne \u00e0 domicile sp\u00e9cialis\u00e9e dans les \u00e9v\u00e8nements Beaut\u00e9s ! Vous trouverez ci-dessous quelques exemples de formules possibles, ou &hellip; <\/p>\n","protected":false},"author":1,"featured_media":0,"parent":0,"menu_order":0,"comment_status":"closed","ping_status":"closed","template":"","meta":{"footnotes":""},"class_list":["post-1998","page","type-page","status-publish","hentry"],"yoast_head":"<!-- This site is optimized with the Yoast SEO plugin v27.5 - https:\/\/yoast.com\/product\/yoast-seo-wordpress\/ -->\n<title>\u00c9v\u00e8nements &amp; Girly Parties \u00e0 domicile - Carol&#039;Esth\u00e9tique<\/title>\n<meta name=\"description\" content=\"\u00c9v\u00e8nements &amp; Girly Parties \u00e0 domicile : Anniversaires, soir\u00e9es entre filles, enterrement de vie de jeune fille, cours de maquillage\" \/>\n<meta name=\"robots\" content=\"index, follow, max-snippet:-1, max-image-preview:large, max-video-preview:-1\" \/>\n<link rel=\"canonical\" href=\"https:\/\/www.carolesthetique-aix.fr\/index.php\/evenements-girly-parties\/\" \/>\n<meta property=\"og:locale\" content=\"fr_FR\" \/>\n<meta property=\"og:type\" content=\"article\" \/>\n<meta property=\"og:title\" content=\"\u00c9v\u00e8nements &amp; Girly Parties \u00e0 domicile - Carol&#039;Esth\u00e9tique\" \/>\n<meta property=\"og:description\" content=\"\u00c9v\u00e8nements &amp; Girly Parties \u00e0 domicile : Anniversaires, soir\u00e9es entre filles, enterrement de vie de jeune fille, cours de maquillage\" \/>\n<meta property=\"og:url\" content=\"https:\/\/www.carolesthetique-aix.fr\/index.php\/evenements-girly-parties\/\" \/>\n<meta property=\"og:site_name\" content=\"Carol&#039;Esth\u00e9tique\" \/>\n<meta property=\"article:publisher\" content=\"https:\/\/www.facebook.com\/CarolEsth%c3%a9tique-515793245268554\/\" \/>\n<meta property=\"article:modified_time\" content=\"2025-01-06T20:35:44+00:00\" \/>\n<meta property=\"og:image\" content=\"https:\/\/www.carolesthetique-aix.fr\/wp-content\/uploads\/2017\/10\/5-conseils-anniversaire-reussie-ado-4-size-3.jpg\" \/>\n<meta name=\"twitter:card\" content=\"summary_large_image\" \/>\n<meta name=\"twitter:label1\" content=\"Dur\u00e9e de lecture estim\u00e9e\" \/>\n\t<meta name=\"twitter:data1\" content=\"3 minutes\" \/>\n<script type=\"application\/ld+json\" class=\"yoast-schema-graph\">{\"@context\":\"https:\\\/\\\/schema.org\",\"@graph\":[{\"@type\":\"WebPage\",\"@id\":\"https:\\\/\\\/www.carolesthetique-aix.fr\\\/index.php\\\/evenements-girly-parties\\\/\",\"url\":\"https:\\\/\\\/www.carolesthetique-aix.fr\\\/index.php\\\/evenements-girly-parties\\\/\",\"name\":\"\u00c9v\u00e8nements & Girly Parties \u00e0 domicile - Carol'Esth\u00e9tique\",\"isPartOf\":{\"@id\":\"https:\\\/\\\/www.carolesthetique-aix.fr\\\/#website\"},\"primaryImageOfPage\":{\"@id\":\"https:\\\/\\\/www.carolesthetique-aix.fr\\\/index.php\\\/evenements-girly-parties\\\/#primaryimage\"},\"image\":{\"@id\":\"https:\\\/\\\/www.carolesthetique-aix.fr\\\/index.php\\\/evenements-girly-parties\\\/#primaryimage\"},\"thumbnailUrl\":\"https:\\\/\\\/www.carolesthetique-aix.fr\\\/wp-content\\\/uploads\\\/2017\\\/10\\\/5-conseils-anniversaire-reussie-ado-4-size-3.jpg\",\"datePublished\":\"2021-04-11T21:34:55+00:00\",\"dateModified\":\"2025-01-06T20:35:44+00:00\",\"description\":\"\u00c9v\u00e8nements & Girly Parties \u00e0 domicile : Anniversaires, soir\u00e9es entre filles, enterrement de vie de jeune fille, cours de maquillage\",\"breadcrumb\":{\"@id\":\"https:\\\/\\\/www.carolesthetique-aix.fr\\\/index.php\\\/evenements-girly-parties\\\/#breadcrumb\"},\"inLanguage\":\"fr-FR\",\"potentialAction\":[{\"@type\":\"ReadAction\",\"target\":[\"https:\\\/\\\/www.carolesthetique-aix.fr\\\/index.php\\\/evenements-girly-parties\\\/\"]}]},{\"@type\":\"ImageObject\",\"inLanguage\":\"fr-FR\",\"@id\":\"https:\\\/\\\/www.carolesthetique-aix.fr\\\/index.php\\\/evenements-girly-parties\\\/#primaryimage\",\"url\":\"https:\\\/\\\/www.carolesthetique-aix.fr\\\/wp-content\\\/uploads\\\/2017\\\/10\\\/5-conseils-anniversaire-reussie-ado-4-size-3.jpg\",\"contentUrl\":\"https:\\\/\\\/www.carolesthetique-aix.fr\\\/wp-content\\\/uploads\\\/2017\\\/10\\\/5-conseils-anniversaire-reussie-ado-4-size-3.jpg\",\"width\":590,\"height\":393,\"caption\":\"Les Girly Parties - Carol'Esth\u00e9tique\"},{\"@type\":\"BreadcrumbList\",\"@id\":\"https:\\\/\\\/www.carolesthetique-aix.fr\\\/index.php\\\/evenements-girly-parties\\\/#breadcrumb\",\"itemListElement\":[{\"@type\":\"ListItem\",\"position\":1,\"name\":\"Accueil\",\"item\":\"https:\\\/\\\/www.carolesthetique-aix.fr\\\/\"},{\"@type\":\"ListItem\",\"position\":2,\"name\":\"\u00c9v\u00e8nements &amp; Girly Parties \u00e0 domicile Aix en Provence\"}]},{\"@type\":\"WebSite\",\"@id\":\"https:\\\/\\\/www.carolesthetique-aix.fr\\\/#website\",\"url\":\"https:\\\/\\\/www.carolesthetique-aix.fr\\\/\",\"name\":\"Carol&#039;Esth\u00e9tique\",\"description\":\"Maquillages et \u00c9v\u00e8nements Beaut\u00e9 \u00e0 Domicile\",\"potentialAction\":[{\"@type\":\"SearchAction\",\"target\":{\"@type\":\"EntryPoint\",\"urlTemplate\":\"https:\\\/\\\/www.carolesthetique-aix.fr\\\/?s={search_term_string}\"},\"query-input\":{\"@type\":\"PropertyValueSpecification\",\"valueRequired\":true,\"valueName\":\"search_term_string\"}}],\"inLanguage\":\"fr-FR\"}]}<\/script>\n<!-- \/ Yoast SEO plugin. -->","yoast_head_json":{"title":"\u00c9v\u00e8nements & Girly Parties \u00e0 domicile - Carol'Esth\u00e9tique","description":"\u00c9v\u00e8nements & Girly Parties \u00e0 domicile : Anniversaires, soir\u00e9es entre filles, enterrement de vie de jeune fille, cours de maquillage","robots":{"index":"index","follow":"follow","max-snippet":"max-snippet:-1","max-image-preview":"max-image-preview:large","max-video-preview":"max-video-preview:-1"},"canonical":"https:\/\/www.carolesthetique-aix.fr\/index.php\/evenements-girly-parties\/","og_locale":"fr_FR","og_type":"article","og_title":"\u00c9v\u00e8nements & Girly Parties \u00e0 domicile - Carol'Esth\u00e9tique","og_description":"\u00c9v\u00e8nements & Girly Parties \u00e0 domicile : Anniversaires, soir\u00e9es entre filles, enterrement de vie de jeune fille, cours de maquillage","og_url":"https:\/\/www.carolesthetique-aix.fr\/index.php\/evenements-girly-parties\/","og_site_name":"Carol&#039;Esth\u00e9tique","article_publisher":"https:\/\/www.facebook.com\/CarolEsth%c3%a9tique-515793245268554\/","article_modified_time":"2025-01-06T20:35:44+00:00","og_image":[{"url":"https:\/\/www.carolesthetique-aix.fr\/wp-content\/uploads\/2017\/10\/5-conseils-anniversaire-reussie-ado-4-size-3.jpg","type":"","width":"","height":""}],"twitter_card":"summary_large_image","twitter_misc":{"Dur\u00e9e de lecture estim\u00e9e":"3 minutes"},"schema":{"@context":"https:\/\/schema.org","@graph":[{"@type":"WebPage","@id":"https:\/\/www.carolesthetique-aix.fr\/index.php\/evenements-girly-parties\/","url":"https:\/\/www.carolesthetique-aix.fr\/index.php\/evenements-girly-parties\/","name":"\u00c9v\u00e8nements & Girly Parties \u00e0 domicile - Carol'Esth\u00e9tique","isPartOf":{"@id":"https:\/\/www.carolesthetique-aix.fr\/#website"},"primaryImageOfPage":{"@id":"https:\/\/www.carolesthetique-aix.fr\/index.php\/evenements-girly-parties\/#primaryimage"},"image":{"@id":"https:\/\/www.carolesthetique-aix.fr\/index.php\/evenements-girly-parties\/#primaryimage"},"thumbnailUrl":"https:\/\/www.carolesthetique-aix.fr\/wp-content\/uploads\/2017\/10\/5-conseils-anniversaire-reussie-ado-4-size-3.jpg","datePublished":"2021-04-11T21:34:55+00:00","dateModified":"2025-01-06T20:35:44+00:00","description":"\u00c9v\u00e8nements & Girly Parties \u00e0 domicile : Anniversaires, soir\u00e9es entre filles, enterrement de vie de jeune fille, cours de maquillage","breadcrumb":{"@id":"https:\/\/www.carolesthetique-aix.fr\/index.php\/evenements-girly-parties\/#breadcrumb"},"inLanguage":"fr-FR","potentialAction":[{"@type":"ReadAction","target":["https:\/\/www.carolesthetique-aix.fr\/index.php\/evenements-girly-parties\/"]}]},{"@type":"ImageObject","inLanguage":"fr-FR","@id":"https:\/\/www.carolesthetique-aix.fr\/index.php\/evenements-girly-parties\/#primaryimage","url":"https:\/\/www.carolesthetique-aix.fr\/wp-content\/uploads\/2017\/10\/5-conseils-anniversaire-reussie-ado-4-size-3.jpg","contentUrl":"https:\/\/www.carolesthetique-aix.fr\/wp-content\/uploads\/2017\/10\/5-conseils-anniversaire-reussie-ado-4-size-3.jpg","width":590,"height":393,"caption":"Les Girly Parties - Carol'Esth\u00e9tique"},{"@type":"BreadcrumbList","@id":"https:\/\/www.carolesthetique-aix.fr\/index.php\/evenements-girly-parties\/#breadcrumb","itemListElement":[{"@type":"ListItem","position":1,"name":"Accueil","item":"https:\/\/www.carolesthetique-aix.fr\/"},{"@type":"ListItem","position":2,"name":"\u00c9v\u00e8nements &amp; Girly Parties \u00e0 domicile Aix en Provence"}]},{"@type":"WebSite","@id":"https:\/\/www.carolesthetique-aix.fr\/#website","url":"https:\/\/www.carolesthetique-aix.fr\/","name":"Carol&#039;Esth\u00e9tique","description":"Maquillages et \u00c9v\u00e8nements Beaut\u00e9 \u00e0 Domicile","potentialAction":[{"@type":"SearchAction","target":{"@type":"EntryPoint","urlTemplate":"https:\/\/www.carolesthetique-aix.fr\/?s={search_term_string}"},"query-input":{"@type":"PropertyValueSpecification","valueRequired":true,"valueName":"search_term_string"}}],"inLanguage":"fr-FR"}]}},"_links":{"self":[{"href":"https:\/\/www.carolesthetique-aix.fr\/index.php\/wp-json\/wp\/v2\/pages\/1998","targetHints":{"allow":["GET"]}}],"collection":[{"href":"https:\/\/www.carolesthetique-aix.fr\/index.php\/wp-json\/wp\/v2\/pages"}],"about":[{"href":"https:\/\/www.carolesthetique-aix.fr\/index.php\/wp-json\/wp\/v2\/types\/page"}],"author":[{"embeddable":true,"href":"https:\/\/www.carolesthetique-aix.fr\/index.php\/wp-json\/wp\/v2\/users\/1"}],"replies":[{"embeddable":true,"href":"https:\/\/www.carolesthetique-aix.fr\/index.php\/wp-json\/wp\/v2\/comments?post=1998"}],"version-history":[{"count":24,"href":"https:\/\/www.carolesthetique-aix.fr\/index.php\/wp-json\/wp\/v2\/pages\/1998\/revisions"}],"predecessor-version":[{"id":2319,"href":"https:\/\/www.carolesthetique-aix.fr\/index.php\/wp-json\/wp\/v2\/pages\/1998\/revisions\/2319"}],"wp:attachment":[{"href":"https:\/\/www.carolesthetique-aix.fr\/index.php\/wp-json\/wp\/v2\/media?parent=1998"}],"curies":[{"name":"wp","href":"https:\/\/api.w.org\/{rel}","templated":true}]}}