{"id":1922,"date":"2021-04-11T20:56:44","date_gmt":"2021-04-11T18:56:44","guid":{"rendered":"http:\/\/carolesthetique-aix.fr\/?page_id=1922"},"modified":"2025-01-06T21:56:00","modified_gmt":"2025-01-06T20:56:00","slug":"maquillage-mariages-et-evenements-esthetique-a-domicile-aix-en-provence","status":"publish","type":"page","link":"https:\/\/www.carolesthetique-aix.fr\/","title":{"rendered":"Pr\u00e9sentation"},"content":{"rendered":"\n<p class=\"has-text-align-left\">Je m&rsquo;appelle Caroline et j&rsquo;ai obtenu mon CAP Esth\u00e9tique\/Cosm\u00e9tique en 2015. J&rsquo;ai d\u00e9cid\u00e9 de me lancer dans ce domaine \u00e0 domicile juste apr\u00e8s l&rsquo;obtention de celui-ci. En effet, apr\u00e8s avoir effectu\u00e9 plusieurs stages en Institut, je me suis rendue compte que j&rsquo;avais besoin de cette ind\u00e9pendance. Je me sentais plus \u00e0 l&rsquo;aise et plus proche des clientes lorsque j&rsquo;effectuais les <a href=\"https:\/\/www.carolesthetique-aix.fr\/index.php\/soins-evenements-domicile-aixenprovence\/\">soins<\/a> dans leur &lsquo;environnement&rsquo;. <\/p>\n\n\n\n<p class=\"has-text-align-left\">Le conte de f\u00e9e Carol&rsquo;Esth\u00e9tique est n\u00e9 !<\/p>\n\n\n\n<figure class=\"wp-block-gallery alignright has-nested-images columns-default is-cropped wp-block-gallery-1 is-layout-flex wp-block-gallery-is-layout-flex\">\n<figure class=\"wp-block-image size-large\"><img loading=\"lazy\" decoding=\"async\" width=\"1024\" height=\"682\" data-id=\"2053\" src=\"https:\/\/www.carolesthetique-aix.fr\/wp-content\/uploads\/2021\/04\/Presentation-1024x682.jpg\" alt=\"Pr\u00e9sentation Maquillage Mariage \u00e0 Domicile\" class=\"wp-image-2053\" srcset=\"https:\/\/www.carolesthetique-aix.fr\/wp-content\/uploads\/2021\/04\/Presentation-1024x682.jpg 1024w, https:\/\/www.carolesthetique-aix.fr\/wp-content\/uploads\/2021\/04\/Presentation-300x200.jpg 300w, https:\/\/www.carolesthetique-aix.fr\/wp-content\/uploads\/2021\/04\/Presentation-768x512.jpg 768w, https:\/\/www.carolesthetique-aix.fr\/wp-content\/uploads\/2021\/04\/Presentation-450x300.jpg 450w, https:\/\/www.carolesthetique-aix.fr\/wp-content\/uploads\/2021\/04\/Presentation-90x60.jpg 90w, https:\/\/www.carolesthetique-aix.fr\/wp-content\/uploads\/2021\/04\/Presentation.jpg 1400w\" sizes=\"auto, (max-width: 1024px) 100vw, 1024px\" \/><\/figure>\n<\/figure>\n\n\n\n<p class=\"has-text-align-left\">Apr\u00e8s plusieurs ann\u00e9es d&rsquo;exp\u00e9rience et de pratique, j&rsquo;ai d\u00e9cid\u00e9 de me sp\u00e9cialiser dans les prestations qui me rendaient plus \u00e9panouies, \u00e0 savoir les <a href=\"https:\/\/www.carolesthetique-aix.fr\/index.php\/maquillages-domicile\/\">maquillages<\/a> et notamment les maquillages \u00e0 l&rsquo;occasion des <a href=\"https:\/\/www.carolesthetique-aix.fr\/index.php\/maquillage-mariage-2\/\">Mariages<\/a>. J&rsquo;ai donc suivi plusieurs formations dans ce domaine l\u00e0 principalement (maquillage jour\/soir\/mari\u00e9e\/invit\u00e9s&#8230;). L&rsquo;ambiance ainsi que le c\u00f4t\u00e9 &lsquo;festif&rsquo; des pr\u00e9paratifs de la mari\u00e9e me passionnent. J&rsquo;ai alors d\u00e9cid\u00e9 de me lancer dans les organisations d\u2019<a href=\"https:\/\/www.carolesthetique-aix.fr\/index.php\/evenements-girly-parties\/\">\u00c9v\u00e8nements Beaut\u00e9<\/a>. En effet, je propose d&rsquo;animer vos Enterrements de Vie de Jeunes Filles (EVJF), anniversaires &lsquo;Girly&rsquo; pour les filles \/ adolescentes ou simplement un apr\u00e8s-midi &lsquo;entres copines&rsquo; \/ &lsquo;m\u00e8re-fille&rsquo; \/ soins en famille.<\/p>\n\n\n\n<p>J&rsquo;interviens \u00e9galement dans les entreprises pour des instants &lsquo;Bien-\u00eatre et Cocooning&rsquo;. <\/p>\n\n\n\n<p>Parce que je suis convaincue des bienfaits actifs des cosm\u00e9tiques Bio, je travaille principalement avec des produits naturels et certifi\u00e9s biologiques.<\/p>\n\n\n\n<p>Alors n&rsquo;attendez plus et faites appel \u00e0 Carol&rsquo;Esth\u00e9tique pour vos \u00c9v\u00e8nements Beaut\u00e9s en Provence !<\/p>\n","protected":false},"excerpt":{"rendered":"<p>Je m&rsquo;appelle Caroline et j&rsquo;ai obtenu mon CAP Esth\u00e9tique\/Cosm\u00e9tique en 2015. J&rsquo;ai d\u00e9cid\u00e9 de me lancer dans ce domaine \u00e0 domicile juste apr\u00e8s l&rsquo;obtention de celui-ci. En effet, apr\u00e8s avoir effectu\u00e9 plusieurs stages en Institut, je me suis rendue compte que j&rsquo;avais besoin de cette ind\u00e9pendance. Je me sentais plus \u00e0 l&rsquo;aise et plus proche &hellip; <\/p>\n","protected":false},"author":1,"featured_media":0,"parent":0,"menu_order":0,"comment_status":"closed","ping_status":"closed","template":"","meta":{"footnotes":""},"class_list":["post-1922","page","type-page","status-publish","hentry"],"yoast_head":"<!-- This site is optimized with the Yoast SEO plugin v27.5 - https:\/\/yoast.com\/product\/yoast-seo-wordpress\/ -->\n<title>Carol&#039;Esth\u00e9tique - Maquillages &amp; \u00c9v\u00e8nements \u00e0 domicile Aix en Provence<\/title>\n<meta name=\"description\" content=\"Carol&#039;Esth\u00e9tique propose des prestations de maquillage, et organise vos \u00e9v\u00e8nements \u00e0 domicile sur Aix en Provence et larges alentours.\" \/>\n<meta name=\"robots\" content=\"index, follow, max-snippet:-1, max-image-preview:large, max-video-preview:-1\" \/>\n<link rel=\"canonical\" href=\"https:\/\/www.carolesthetique-aix.fr\/\" \/>\n<meta property=\"og:locale\" content=\"fr_FR\" \/>\n<meta property=\"og:type\" content=\"article\" \/>\n<meta property=\"og:title\" content=\"Carol&#039;Esth\u00e9tique - Maquillages &amp; \u00c9v\u00e8nements \u00e0 domicile Aix en Provence\" \/>\n<meta property=\"og:description\" content=\"Carol&#039;Esth\u00e9tique propose des prestations de maquillage, et organise vos \u00e9v\u00e8nements \u00e0 domicile sur Aix en Provence et larges alentours.\" \/>\n<meta property=\"og:url\" content=\"https:\/\/www.carolesthetique-aix.fr\/\" \/>\n<meta property=\"og:site_name\" content=\"Carol&#039;Esth\u00e9tique\" \/>\n<meta property=\"article:publisher\" content=\"https:\/\/www.facebook.com\/CarolEsth%c3%a9tique-515793245268554\/\" \/>\n<meta property=\"article:modified_time\" content=\"2025-01-06T20:56:00+00:00\" \/>\n<meta property=\"og:image\" content=\"https:\/\/www.carolesthetique-aix.fr\/wp-content\/uploads\/2021\/04\/Presentation-1024x682.jpg\" \/>\n<meta name=\"twitter:card\" content=\"summary_large_image\" \/>\n<meta name=\"twitter:label1\" content=\"Dur\u00e9e de lecture estim\u00e9e\" \/>\n\t<meta name=\"twitter:data1\" content=\"2 minutes\" \/>\n<script type=\"application\/ld+json\" class=\"yoast-schema-graph\">{\"@context\":\"https:\\\/\\\/schema.org\",\"@graph\":[{\"@type\":\"WebPage\",\"@id\":\"https:\\\/\\\/www.carolesthetique-aix.fr\\\/\",\"url\":\"https:\\\/\\\/www.carolesthetique-aix.fr\\\/\",\"name\":\"Carol'Esth\u00e9tique - Maquillages & \u00c9v\u00e8nements \u00e0 domicile Aix en Provence\",\"isPartOf\":{\"@id\":\"https:\\\/\\\/www.carolesthetique-aix.fr\\\/#website\"},\"primaryImageOfPage\":{\"@id\":\"https:\\\/\\\/www.carolesthetique-aix.fr\\\/#primaryimage\"},\"image\":{\"@id\":\"https:\\\/\\\/www.carolesthetique-aix.fr\\\/#primaryimage\"},\"thumbnailUrl\":\"https:\\\/\\\/www.carolesthetique-aix.fr\\\/wp-content\\\/uploads\\\/2021\\\/04\\\/Presentation-1024x682.jpg\",\"datePublished\":\"2021-04-11T18:56:44+00:00\",\"dateModified\":\"2025-01-06T20:56:00+00:00\",\"description\":\"Carol&#039;Esth\u00e9tique propose des prestations de maquillage, et organise vos \u00e9v\u00e8nements \u00e0 domicile sur Aix en Provence et larges alentours.\",\"breadcrumb\":{\"@id\":\"https:\\\/\\\/www.carolesthetique-aix.fr\\\/#breadcrumb\"},\"inLanguage\":\"fr-FR\",\"potentialAction\":[{\"@type\":\"ReadAction\",\"target\":[\"https:\\\/\\\/www.carolesthetique-aix.fr\\\/\"]}]},{\"@type\":\"ImageObject\",\"inLanguage\":\"fr-FR\",\"@id\":\"https:\\\/\\\/www.carolesthetique-aix.fr\\\/#primaryimage\",\"url\":\"https:\\\/\\\/www.carolesthetique-aix.fr\\\/wp-content\\\/uploads\\\/2021\\\/04\\\/Presentation.jpg\",\"contentUrl\":\"https:\\\/\\\/www.carolesthetique-aix.fr\\\/wp-content\\\/uploads\\\/2021\\\/04\\\/Presentation.jpg\",\"width\":1400,\"height\":933,\"caption\":\"Pr\u00e9sentation Maquillage Mariage \u00e0 Domicile\"},{\"@type\":\"BreadcrumbList\",\"@id\":\"https:\\\/\\\/www.carolesthetique-aix.fr\\\/#breadcrumb\",\"itemListElement\":[{\"@type\":\"ListItem\",\"position\":1,\"name\":\"Accueil\",\"item\":\"https:\\\/\\\/www.carolesthetique-aix.fr\\\/\"},{\"@type\":\"ListItem\",\"position\":2,\"name\":\"Pr\u00e9sentation\"}]},{\"@type\":\"WebSite\",\"@id\":\"https:\\\/\\\/www.carolesthetique-aix.fr\\\/#website\",\"url\":\"https:\\\/\\\/www.carolesthetique-aix.fr\\\/\",\"name\":\"Carol&#039;Esth\u00e9tique\",\"description\":\"Maquillages et \u00c9v\u00e8nements Beaut\u00e9 \u00e0 Domicile\",\"potentialAction\":[{\"@type\":\"SearchAction\",\"target\":{\"@type\":\"EntryPoint\",\"urlTemplate\":\"https:\\\/\\\/www.carolesthetique-aix.fr\\\/?s={search_term_string}\"},\"query-input\":{\"@type\":\"PropertyValueSpecification\",\"valueRequired\":true,\"valueName\":\"search_term_string\"}}],\"inLanguage\":\"fr-FR\"}]}<\/script>\n<!-- \/ Yoast SEO plugin. -->","yoast_head_json":{"title":"Carol'Esth\u00e9tique - Maquillages & \u00c9v\u00e8nements \u00e0 domicile Aix en Provence","description":"Carol&#039;Esth\u00e9tique propose des prestations de maquillage, et organise vos \u00e9v\u00e8nements \u00e0 domicile sur Aix en Provence et larges alentours.","robots":{"index":"index","follow":"follow","max-snippet":"max-snippet:-1","max-image-preview":"max-image-preview:large","max-video-preview":"max-video-preview:-1"},"canonical":"https:\/\/www.carolesthetique-aix.fr\/","og_locale":"fr_FR","og_type":"article","og_title":"Carol'Esth\u00e9tique - Maquillages & \u00c9v\u00e8nements \u00e0 domicile Aix en Provence","og_description":"Carol&#039;Esth\u00e9tique propose des prestations de maquillage, et organise vos \u00e9v\u00e8nements \u00e0 domicile sur Aix en Provence et larges alentours.","og_url":"https:\/\/www.carolesthetique-aix.fr\/","og_site_name":"Carol&#039;Esth\u00e9tique","article_publisher":"https:\/\/www.facebook.com\/CarolEsth%c3%a9tique-515793245268554\/","article_modified_time":"2025-01-06T20:56:00+00:00","og_image":[{"url":"https:\/\/www.carolesthetique-aix.fr\/wp-content\/uploads\/2021\/04\/Presentation-1024x682.jpg","type":"","width":"","height":""}],"twitter_card":"summary_large_image","twitter_misc":{"Dur\u00e9e de lecture estim\u00e9e":"2 minutes"},"schema":{"@context":"https:\/\/schema.org","@graph":[{"@type":"WebPage","@id":"https:\/\/www.carolesthetique-aix.fr\/","url":"https:\/\/www.carolesthetique-aix.fr\/","name":"Carol'Esth\u00e9tique - Maquillages & \u00c9v\u00e8nements \u00e0 domicile Aix en Provence","isPartOf":{"@id":"https:\/\/www.carolesthetique-aix.fr\/#website"},"primaryImageOfPage":{"@id":"https:\/\/www.carolesthetique-aix.fr\/#primaryimage"},"image":{"@id":"https:\/\/www.carolesthetique-aix.fr\/#primaryimage"},"thumbnailUrl":"https:\/\/www.carolesthetique-aix.fr\/wp-content\/uploads\/2021\/04\/Presentation-1024x682.jpg","datePublished":"2021-04-11T18:56:44+00:00","dateModified":"2025-01-06T20:56:00+00:00","description":"Carol&#039;Esth\u00e9tique propose des prestations de maquillage, et organise vos \u00e9v\u00e8nements \u00e0 domicile sur Aix en Provence et larges alentours.","breadcrumb":{"@id":"https:\/\/www.carolesthetique-aix.fr\/#breadcrumb"},"inLanguage":"fr-FR","potentialAction":[{"@type":"ReadAction","target":["https:\/\/www.carolesthetique-aix.fr\/"]}]},{"@type":"ImageObject","inLanguage":"fr-FR","@id":"https:\/\/www.carolesthetique-aix.fr\/#primaryimage","url":"https:\/\/www.carolesthetique-aix.fr\/wp-content\/uploads\/2021\/04\/Presentation.jpg","contentUrl":"https:\/\/www.carolesthetique-aix.fr\/wp-content\/uploads\/2021\/04\/Presentation.jpg","width":1400,"height":933,"caption":"Pr\u00e9sentation Maquillage Mariage \u00e0 Domicile"},{"@type":"BreadcrumbList","@id":"https:\/\/www.carolesthetique-aix.fr\/#breadcrumb","itemListElement":[{"@type":"ListItem","position":1,"name":"Accueil","item":"https:\/\/www.carolesthetique-aix.fr\/"},{"@type":"ListItem","position":2,"name":"Pr\u00e9sentation"}]},{"@type":"WebSite","@id":"https:\/\/www.carolesthetique-aix.fr\/#website","url":"https:\/\/www.carolesthetique-aix.fr\/","name":"Carol&#039;Esth\u00e9tique","description":"Maquillages et \u00c9v\u00e8nements Beaut\u00e9 \u00e0 Domicile","potentialAction":[{"@type":"SearchAction","target":{"@type":"EntryPoint","urlTemplate":"https:\/\/www.carolesthetique-aix.fr\/?s={search_term_string}"},"query-input":{"@type":"PropertyValueSpecification","valueRequired":true,"valueName":"search_term_string"}}],"inLanguage":"fr-FR"}]}},"_links":{"self":[{"href":"https:\/\/www.carolesthetique-aix.fr\/index.php\/wp-json\/wp\/v2\/pages\/1922","targetHints":{"allow":["GET"]}}],"collection":[{"href":"https:\/\/www.carolesthetique-aix.fr\/index.php\/wp-json\/wp\/v2\/pages"}],"about":[{"href":"https:\/\/www.carolesthetique-aix.fr\/index.php\/wp-json\/wp\/v2\/types\/page"}],"author":[{"embeddable":true,"href":"https:\/\/www.carolesthetique-aix.fr\/index.php\/wp-json\/wp\/v2\/users\/1"}],"replies":[{"embeddable":true,"href":"https:\/\/www.carolesthetique-aix.fr\/index.php\/wp-json\/wp\/v2\/comments?post=1922"}],"version-history":[{"count":41,"href":"https:\/\/www.carolesthetique-aix.fr\/index.php\/wp-json\/wp\/v2\/pages\/1922\/revisions"}],"predecessor-version":[{"id":2329,"href":"https:\/\/www.carolesthetique-aix.fr\/index.php\/wp-json\/wp\/v2\/pages\/1922\/revisions\/2329"}],"wp:attachment":[{"href":"https:\/\/www.carolesthetique-aix.fr\/index.php\/wp-json\/wp\/v2\/media?parent=1922"}],"curies":[{"name":"wp","href":"https:\/\/api.w.org\/{rel}","templated":true}]}}